{"id":14,"date":"2024-03-23T10:24:08","date_gmt":"2024-03-23T10:24:08","guid":{"rendered":"https:\/\/adoring-driscoll.212-227-226-16.plesk.page\/?page_id=14"},"modified":"2024-09-01T09:50:00","modified_gmt":"2024-09-01T09:50:00","slug":"entradas","status":"publish","type":"page","link":"https:\/\/armunialeon.com\/index.php\/entradas\/","title":{"rendered":"Publicaciones"},"content":{"rendered":"\t\t<div data-elementor-type=\"wp-page\" data-elementor-id=\"14\" class=\"elementor elementor-14\">\n\t\t\t\t<div class=\"elementor-element elementor-element-5adc3e4 e-flex e-con-boxed e-con e-parent\" data-id=\"5adc3e4\" data-element_type=\"container\">\n\t\t\t\t\t<div class=\"e-con-inner\">\n\t\t\t\t<div class=\"elementor-element elementor-element-f745759 elementor-widget elementor-widget-wp-widget-categories\" data-id=\"f745759\" data-element_type=\"widget\" data-widget_type=\"wp-widget-categories.default\">\n\t\t\t\t<div class=\"elementor-widget-container\">\n\t\t\t\t\t<h5>Categor\u00edas<\/h5>\n\t\t\t<ul>\n\t\t\t\t\t<li class=\"cat-item cat-item-6\"><a href=\"https:\/\/armunialeon.com\/index.php\/category\/prensa\/\">Prensa<\/a>\n<\/li>\n\t<li class=\"cat-item cat-item-1\"><a href=\"https:\/\/armunialeon.com\/index.php\/category\/nuevas-publicaciones\/\">Publicaciones<\/a>\n<\/li>\n\t\t\t<\/ul>\n\n\t\t\t\t\t\t\t<\/div>\n\t\t\t\t<\/div>\n\t\t\t\t<div class=\"elementor-element elementor-element-a5f4960 elementor-widget elementor-widget-spacer\" data-id=\"a5f4960\" data-element_type=\"widget\" data-widget_type=\"spacer.default\">\n\t\t\t\t<div class=\"elementor-widget-container\">\n\t\t\t\t\t\t\t<div class=\"elementor-spacer\">\n\t\t\t<div class=\"elementor-spacer-inner\"><\/div>\n\t\t<\/div>\n\t\t\t\t\t\t<\/div>\n\t\t\t\t<\/div>\n\t\t\t\t\t<\/div>\n\t\t\t\t<\/div>\n\t\t<div class=\"elementor-element elementor-element-8762e81 e-flex e-con-boxed e-con e-parent\" data-id=\"8762e81\" data-element_type=\"container\">\n\t\t\t\t\t<div class=\"e-con-inner\">\n\t\t\t\t<div class=\"elementor-element elementor-element-4c82b86 elementor-widget elementor-widget-wp-widget-recent-posts\" data-id=\"4c82b86\" data-element_type=\"widget\" data-widget_type=\"wp-widget-recent-posts.default\">\n\t\t\t\t<div class=\"elementor-widget-container\">\n\t\t\t\t\t\n\t\t\n\t\t<h5>Entradas recientes<\/h5>\n\t\t<ul>\n\t\t\t\t\t\t\t\t\t\t\t<li>\n\t\t\t\t\t<a href=\"https:\/\/armunialeon.com\/index.php\/2025\/10\/08\/armunia-denuncia-trato-desigual-del-ayuntamiento-de-leon-informe-juridico-2025\/\">Armunia: La Cenicienta de Le\u00f3n que el Ayuntamiento prefiere mantener en la cocina<\/a>\n\t\t\t\t\t\t\t\t\t<\/li>\n\t\t\t\t\t\t\t\t\t\t\t<li>\n\t\t\t\t\t<a href=\"https:\/\/armunialeon.com\/index.php\/2025\/08\/06\/armunia-en-fiestas-san-roque\/\">Armunia en Fiestas &#8211; San Roque<\/a>\n\t\t\t\t\t\t\t\t\t<\/li>\n\t\t\t\t\t\t\t\t\t\t\t<li>\n\t\t\t\t\t<a href=\"https:\/\/armunialeon.com\/index.php\/2025\/05\/04\/justicia-ausente-dignidad-presente-armunia-planta-cara-a-la-desidia\/\">Justicia ausente, dignidad presente. Armunia planta cara a la desidia<\/a>\n\t\t\t\t\t\t\t\t\t<\/li>\n\t\t\t\t\t\t\t\t\t\t\t<li>\n\t\t\t\t\t<a href=\"https:\/\/armunialeon.com\/index.php\/2025\/05\/04\/el-abandono-institucional-ya-es-oficial-armunia-al-procurador-del-comun\/\">El abandono institucional ya es oficial: Armunia, al Procurador del Com\u00fan<\/a>\n\t\t\t\t\t\t\t\t\t<\/li>\n\t\t\t\t\t\t\t\t\t\t\t<li>\n\t\t\t\t\t<a href=\"https:\/\/armunialeon.com\/index.php\/2025\/05\/04\/cuando-el-pueblo-se-alza-hasta-las-ratas-huyen\/\">Cuando el pueblo se alza\u2026 hasta las ratas huyen<\/a>\n\t\t\t\t\t\t\t\t\t<\/li>\n\t\t\t\t\t<\/ul>\n\n\t\t\t\t\t\t<\/div>\n\t\t\t\t<\/div>\n\t\t\t\t\t<\/div>\n\t\t\t\t<\/div>\n\t\t\t\t<\/div>\n\t\t","protected":false},"excerpt":{"rendered":"","protected":false},"author":1,"featured_media":0,"parent":0,"menu_order":0,"comment_status":"closed","ping_status":"closed","template":"","meta":{"footnotes":""},"class_list":["post-14","page","type-page","status-publish","hentry"],"yoast_head":"<!-- This site is optimized with the Yoast SEO plugin v25.4 - https:\/\/yoast.com\/wordpress\/plugins\/seo\/ -->\n<title>Publicaciones - Junta Vecinal de Armunia \u00b7 Le\u00f3n<\/title>\n<meta name=\"description\" content=\"Conoce m\u00e1s sobre Armunia pedan\u00eda de Le\u00f3n: su historia, su gente y sus proyectos. Explora c\u00f3mo esta comunidad leonesa trabaja unida para fomentar el desarrollo sostenible y el bienestar de sus habitantes. - Junta Vecinal de Armunia \u00b7 Le\u00f3n\" \/>\n<meta name=\"robots\" content=\"index, follow, max-snippet:-1, max-image-preview:large, max-video-preview:-1\" \/>\n<link rel=\"canonical\" href=\"https:\/\/armunialeon.com\/index.php\/entradas\/\" \/>\n<meta property=\"og:locale\" content=\"es_ES\" \/>\n<meta property=\"og:type\" content=\"article\" \/>\n<meta property=\"og:title\" content=\"Publicaciones - Junta Vecinal de Armunia \u00b7 Le\u00f3n\" \/>\n<meta property=\"og:description\" content=\"Conoce m\u00e1s sobre Armunia pedan\u00eda de Le\u00f3n: su historia, su gente y sus proyectos. Explora c\u00f3mo esta comunidad leonesa trabaja unida para fomentar el desarrollo sostenible y el bienestar de sus habitantes. - Junta Vecinal de Armunia \u00b7 Le\u00f3n\" \/>\n<meta property=\"og:url\" content=\"https:\/\/armunialeon.com\/index.php\/entradas\/\" \/>\n<meta property=\"og:site_name\" content=\"Junta Vecinal de Armunia \u00b7 Le\u00f3n\" \/>\n<meta property=\"article:publisher\" content=\"https:\/\/www.facebook.com\/groups\/731133920310286?locale=es_ES\" \/>\n<meta property=\"article:modified_time\" content=\"2024-09-01T09:50:00+00:00\" \/>\n<meta property=\"og:image\" content=\"https:\/\/armunialeon.com\/wp-content\/uploads\/2024\/09\/20240627_JV_ARMUNIA.png\" \/>\n\t<meta property=\"og:image:width\" content=\"844\" \/>\n\t<meta property=\"og:image:height\" content=\"581\" \/>\n\t<meta property=\"og:image:type\" content=\"image\/png\" \/>\n<meta name=\"twitter:card\" content=\"summary_large_image\" \/>\n<script type=\"application\/ld+json\" class=\"yoast-schema-graph\">{\"@context\":\"https:\/\/schema.org\",\"@graph\":[{\"@type\":\"Article\",\"@id\":\"https:\/\/armunialeon.com\/index.php\/entradas\/#article\",\"isPartOf\":{\"@id\":\"https:\/\/armunialeon.com\/index.php\/entradas\/\"},\"author\":{\"name\":\"admin\",\"@id\":\"https:\/\/armunialeon.com\/#\/schema\/person\/325ef160cf86bc427259ffa00971a22c\"},\"headline\":\"Publicaciones\",\"datePublished\":\"2024-03-23T10:24:08+00:00\",\"dateModified\":\"2024-09-01T09:50:00+00:00\",\"mainEntityOfPage\":{\"@id\":\"https:\/\/armunialeon.com\/index.php\/entradas\/\"},\"wordCount\":1,\"publisher\":{\"@id\":\"https:\/\/armunialeon.com\/#organization\"},\"inLanguage\":\"es\"},{\"@type\":\"WebPage\",\"@id\":\"https:\/\/armunialeon.com\/index.php\/entradas\/\",\"url\":\"https:\/\/armunialeon.com\/index.php\/entradas\/\",\"name\":\"Publicaciones - Junta Vecinal de Armunia \u00b7 Le\u00f3n\",\"isPartOf\":{\"@id\":\"https:\/\/armunialeon.com\/#website\"},\"datePublished\":\"2024-03-23T10:24:08+00:00\",\"dateModified\":\"2024-09-01T09:50:00+00:00\",\"description\":\"Conoce m\u00e1s sobre Armunia pedan\u00eda de Le\u00f3n: su historia, su gente y sus proyectos. Explora c\u00f3mo esta comunidad leonesa trabaja unida para fomentar el desarrollo sostenible y el bienestar de sus habitantes. - Junta Vecinal de Armunia \u00b7 Le\u00f3n\",\"breadcrumb\":{\"@id\":\"https:\/\/armunialeon.com\/index.php\/entradas\/#breadcrumb\"},\"inLanguage\":\"es\",\"potentialAction\":[{\"@type\":\"ReadAction\",\"target\":[\"https:\/\/armunialeon.com\/index.php\/entradas\/\"]}]},{\"@type\":\"BreadcrumbList\",\"@id\":\"https:\/\/armunialeon.com\/index.php\/entradas\/#breadcrumb\",\"itemListElement\":[{\"@type\":\"ListItem\",\"position\":1,\"name\":\"Portada\",\"item\":\"https:\/\/armunialeon.com\/\"},{\"@type\":\"ListItem\",\"position\":2,\"name\":\"Publicaciones\"}]},{\"@type\":\"WebSite\",\"@id\":\"https:\/\/armunialeon.com\/#website\",\"url\":\"https:\/\/armunialeon.com\/\",\"name\":\"Junta Vecinal de Armunia \u00b7 Le\u00f3n\",\"description\":\"Transparencia, compromiso y cercan\u00eda al servicio de nuestros vecinos. S\u00edguenos en redes para estar al d\u00eda.\",\"publisher\":{\"@id\":\"https:\/\/armunialeon.com\/#organization\"},\"alternateName\":\"Armunia - Pedan\u00eda de Le\u00f3n\",\"potentialAction\":[{\"@type\":\"SearchAction\",\"target\":{\"@type\":\"EntryPoint\",\"urlTemplate\":\"https:\/\/armunialeon.com\/?s={search_term_string}\"},\"query-input\":{\"@type\":\"PropertyValueSpecification\",\"valueRequired\":true,\"valueName\":\"search_term_string\"}}],\"inLanguage\":\"es\"},{\"@type\":\"Organization\",\"@id\":\"https:\/\/armunialeon.com\/#organization\",\"name\":\"Junta Vecinal de Armunia\",\"alternateName\":\"Armunia - Pedania de Le\u00f3n\",\"url\":\"https:\/\/armunialeon.com\/\",\"logo\":{\"@type\":\"ImageObject\",\"inLanguage\":\"es\",\"@id\":\"https:\/\/armunialeon.com\/#\/schema\/logo\/image\/\",\"url\":\"https:\/\/armunialeon.com\/wp-content\/uploads\/2024\/09\/20240627_JV_ARMUNIA.png\",\"contentUrl\":\"https:\/\/armunialeon.com\/wp-content\/uploads\/2024\/09\/20240627_JV_ARMUNIA.png\",\"width\":844,\"height\":581,\"caption\":\"Junta Vecinal de Armunia\"},\"image\":{\"@id\":\"https:\/\/armunialeon.com\/#\/schema\/logo\/image\/\"},\"sameAs\":[\"https:\/\/www.facebook.com\/groups\/731133920310286?locale=es_ES\"]},{\"@type\":\"Person\",\"@id\":\"https:\/\/armunialeon.com\/#\/schema\/person\/325ef160cf86bc427259ffa00971a22c\",\"name\":\"admin\",\"image\":{\"@type\":\"ImageObject\",\"inLanguage\":\"es\",\"@id\":\"https:\/\/armunialeon.com\/#\/schema\/person\/image\/\",\"url\":\"https:\/\/secure.gravatar.com\/avatar\/f22471bff763edaf94991deb83bd5e84ecf63559f56cb5e03f9d5a6e28d47d74?s=96&d=mm&r=g\",\"contentUrl\":\"https:\/\/secure.gravatar.com\/avatar\/f22471bff763edaf94991deb83bd5e84ecf63559f56cb5e03f9d5a6e28d47d74?s=96&d=mm&r=g\",\"caption\":\"admin\"},\"sameAs\":[\"https:\/\/adoring-driscoll.212-227-226-16.plesk.page\"],\"url\":\"https:\/\/armunialeon.com\/index.php\/author\/root_lge0kcw0\/\"}]}<\/script>\n<!-- \/ Yoast SEO plugin. -->","yoast_head_json":{"title":"Publicaciones - Junta Vecinal de Armunia \u00b7 Le\u00f3n","description":"Conoce m\u00e1s sobre Armunia pedan\u00eda de Le\u00f3n: su historia, su gente y sus proyectos. Explora c\u00f3mo esta comunidad leonesa trabaja unida para fomentar el desarrollo sostenible y el bienestar de sus habitantes. - Junta Vecinal de Armunia \u00b7 Le\u00f3n","robots":{"index":"index","follow":"follow","max-snippet":"max-snippet:-1","max-image-preview":"max-image-preview:large","max-video-preview":"max-video-preview:-1"},"canonical":"https:\/\/armunialeon.com\/index.php\/entradas\/","og_locale":"es_ES","og_type":"article","og_title":"Publicaciones - Junta Vecinal de Armunia \u00b7 Le\u00f3n","og_description":"Conoce m\u00e1s sobre Armunia pedan\u00eda de Le\u00f3n: su historia, su gente y sus proyectos. Explora c\u00f3mo esta comunidad leonesa trabaja unida para fomentar el desarrollo sostenible y el bienestar de sus habitantes. - Junta Vecinal de Armunia \u00b7 Le\u00f3n","og_url":"https:\/\/armunialeon.com\/index.php\/entradas\/","og_site_name":"Junta Vecinal de Armunia \u00b7 Le\u00f3n","article_publisher":"https:\/\/www.facebook.com\/groups\/731133920310286?locale=es_ES","article_modified_time":"2024-09-01T09:50:00+00:00","og_image":[{"width":844,"height":581,"url":"https:\/\/armunialeon.com\/wp-content\/uploads\/2024\/09\/20240627_JV_ARMUNIA.png","type":"image\/png"}],"twitter_card":"summary_large_image","schema":{"@context":"https:\/\/schema.org","@graph":[{"@type":"Article","@id":"https:\/\/armunialeon.com\/index.php\/entradas\/#article","isPartOf":{"@id":"https:\/\/armunialeon.com\/index.php\/entradas\/"},"author":{"name":"admin","@id":"https:\/\/armunialeon.com\/#\/schema\/person\/325ef160cf86bc427259ffa00971a22c"},"headline":"Publicaciones","datePublished":"2024-03-23T10:24:08+00:00","dateModified":"2024-09-01T09:50:00+00:00","mainEntityOfPage":{"@id":"https:\/\/armunialeon.com\/index.php\/entradas\/"},"wordCount":1,"publisher":{"@id":"https:\/\/armunialeon.com\/#organization"},"inLanguage":"es"},{"@type":"WebPage","@id":"https:\/\/armunialeon.com\/index.php\/entradas\/","url":"https:\/\/armunialeon.com\/index.php\/entradas\/","name":"Publicaciones - Junta Vecinal de Armunia \u00b7 Le\u00f3n","isPartOf":{"@id":"https:\/\/armunialeon.com\/#website"},"datePublished":"2024-03-23T10:24:08+00:00","dateModified":"2024-09-01T09:50:00+00:00","description":"Conoce m\u00e1s sobre Armunia pedan\u00eda de Le\u00f3n: su historia, su gente y sus proyectos. Explora c\u00f3mo esta comunidad leonesa trabaja unida para fomentar el desarrollo sostenible y el bienestar de sus habitantes. - Junta Vecinal de Armunia \u00b7 Le\u00f3n","breadcrumb":{"@id":"https:\/\/armunialeon.com\/index.php\/entradas\/#breadcrumb"},"inLanguage":"es","potentialAction":[{"@type":"ReadAction","target":["https:\/\/armunialeon.com\/index.php\/entradas\/"]}]},{"@type":"BreadcrumbList","@id":"https:\/\/armunialeon.com\/index.php\/entradas\/#breadcrumb","itemListElement":[{"@type":"ListItem","position":1,"name":"Portada","item":"https:\/\/armunialeon.com\/"},{"@type":"ListItem","position":2,"name":"Publicaciones"}]},{"@type":"WebSite","@id":"https:\/\/armunialeon.com\/#website","url":"https:\/\/armunialeon.com\/","name":"Junta Vecinal de Armunia \u00b7 Le\u00f3n","description":"Transparencia, compromiso y cercan\u00eda al servicio de nuestros vecinos. S\u00edguenos en redes para estar al d\u00eda.","publisher":{"@id":"https:\/\/armunialeon.com\/#organization"},"alternateName":"Armunia - Pedan\u00eda de Le\u00f3n","potentialAction":[{"@type":"SearchAction","target":{"@type":"EntryPoint","urlTemplate":"https:\/\/armunialeon.com\/?s={search_term_string}"},"query-input":{"@type":"PropertyValueSpecification","valueRequired":true,"valueName":"search_term_string"}}],"inLanguage":"es"},{"@type":"Organization","@id":"https:\/\/armunialeon.com\/#organization","name":"Junta Vecinal de Armunia","alternateName":"Armunia - Pedania de Le\u00f3n","url":"https:\/\/armunialeon.com\/","logo":{"@type":"ImageObject","inLanguage":"es","@id":"https:\/\/armunialeon.com\/#\/schema\/logo\/image\/","url":"https:\/\/armunialeon.com\/wp-content\/uploads\/2024\/09\/20240627_JV_ARMUNIA.png","contentUrl":"https:\/\/armunialeon.com\/wp-content\/uploads\/2024\/09\/20240627_JV_ARMUNIA.png","width":844,"height":581,"caption":"Junta Vecinal de Armunia"},"image":{"@id":"https:\/\/armunialeon.com\/#\/schema\/logo\/image\/"},"sameAs":["https:\/\/www.facebook.com\/groups\/731133920310286?locale=es_ES"]},{"@type":"Person","@id":"https:\/\/armunialeon.com\/#\/schema\/person\/325ef160cf86bc427259ffa00971a22c","name":"admin","image":{"@type":"ImageObject","inLanguage":"es","@id":"https:\/\/armunialeon.com\/#\/schema\/person\/image\/","url":"https:\/\/secure.gravatar.com\/avatar\/f22471bff763edaf94991deb83bd5e84ecf63559f56cb5e03f9d5a6e28d47d74?s=96&d=mm&r=g","contentUrl":"https:\/\/secure.gravatar.com\/avatar\/f22471bff763edaf94991deb83bd5e84ecf63559f56cb5e03f9d5a6e28d47d74?s=96&d=mm&r=g","caption":"admin"},"sameAs":["https:\/\/adoring-driscoll.212-227-226-16.plesk.page"],"url":"https:\/\/armunialeon.com\/index.php\/author\/root_lge0kcw0\/"}]}},"_links":{"self":[{"href":"https:\/\/armunialeon.com\/index.php\/wp-json\/wp\/v2\/pages\/14","targetHints":{"allow":["GET"]}}],"collection":[{"href":"https:\/\/armunialeon.com\/index.php\/wp-json\/wp\/v2\/pages"}],"about":[{"href":"https:\/\/armunialeon.com\/index.php\/wp-json\/wp\/v2\/types\/page"}],"author":[{"embeddable":true,"href":"https:\/\/armunialeon.com\/index.php\/wp-json\/wp\/v2\/users\/1"}],"replies":[{"embeddable":true,"href":"https:\/\/armunialeon.com\/index.php\/wp-json\/wp\/v2\/comments?post=14"}],"version-history":[{"count":5,"href":"https:\/\/armunialeon.com\/index.php\/wp-json\/wp\/v2\/pages\/14\/revisions"}],"predecessor-version":[{"id":40,"href":"https:\/\/armunialeon.com\/index.php\/wp-json\/wp\/v2\/pages\/14\/revisions\/40"}],"wp:attachment":[{"href":"https:\/\/armunialeon.com\/index.php\/wp-json\/wp\/v2\/media?parent=14"}],"curies":[{"name":"wp","href":"https:\/\/api.w.org\/{rel}","templated":true}]}}